{"id":821,"date":"2017-11-09T20:07:02","date_gmt":"2017-11-09T19:07:02","guid":{"rendered":"http:\/\/novadentis.314-work.pl\/kontakt\/"},"modified":"2018-04-25T08:32:42","modified_gmt":"2018-04-25T06:32:42","slug":"kontakt","status":"publish","type":"page","link":"https:\/\/novadentis.pl\/no\/kontakt\/","title":{"rendered":"Contact"},"content":{"rendered":"<h3 class=\"name\">NOVA DENTIS<\/h3>\n<h4 class=\"subname\">Tannlegekontorene befinner seg i f\u00f8rste etasje av Morena Skwer bygg<br \/>\n(Veikryss Ja\u015bkowa Dolina gate med Piecewska gate)<\/h4>\n<p>Adresse: Ja\u015bkowa Dolina 132, Gda\u0144sk Morena<br \/>\nDet g\u00e5r en direkte buss nr 210 fra flyplassen til tannlegekontor<\/p>\n<p class=\"phone\">+48583550007<\/p>\n<p class=\"line-title \"><i class=\"fa fa-clock-o\" aria-hidden=\"true\"><\/i> <strong>\u00c5pningstider:<\/strong><\/p>\n<p>MANDAG \u2013 FREDAG: <strong>9.00-19.00<\/strong><\/p>\n<p>I akutte tilfeller jobber vi ogs\u00e5 i helgene etter en tidligere telefonavtale.<\/p>\n<p class=\"line-title \"><i class=\"fa fa-phone\" aria-hidden=\"true\"><\/i> <strong>Andre dager og \u00e5pningstider:<\/strong><\/p>\n<p class=\"phone\">+48500005047<\/p>\n<p>e-mail: <a href=\"mailto:gdansk@novadentis.pl\">gdansk@novadentis.pl<\/a><\/p>\n<p>Vi aksepterer ogs\u00e5 betalingskort:<br \/>\n<img loading=\"lazy\" class=\"alignnone wp-image-985\" src=\"http:\/\/novadentis.pl\/wp-content\/uploads\/2018\/04\/image.png\" alt=\"\" width=\"192\" height=\"59\" \/><\/p>\n","protected":false},"excerpt":{"rendered":"<p>NOVA DENTIS Tannlegekontorene befinner seg i f\u00f8rste etasje av Morena Skwer bygg (Veikryss Ja\u015bkowa Dolina gate med Piecewska gate) Adresse: Ja\u015bkowa Dolina 132, Gda\u0144sk Morena Det g\u00e5r en direkte buss nr 210 fra flyplassen til tannlegekontor +48583550007 \u00c5pningstider: MANDAG \u2013 FREDAG: 9.00-19.00 I akutte tilfeller jobber vi ogs\u00e5 i helgene etter en tidligere telefonavtale. Andre&nbsp; <a href=\"https:\/\/novadentis.pl\/no\/kontakt\/\">&hellip; Read more <i class=\"fa fa-arrow-right\"><\/i><\/a><\/p>\n","protected":false},"author":6,"featured_media":0,"parent":0,"menu_order":0,"comment_status":"closed","ping_status":"closed","template":"kontakt.php","meta":[],"_links":{"self":[{"href":"https:\/\/novadentis.pl\/no\/wp-json\/wp\/v2\/pages\/821"}],"collection":[{"href":"https:\/\/novadentis.pl\/no\/wp-json\/wp\/v2\/pages"}],"about":[{"href":"https:\/\/novadentis.pl\/no\/wp-json\/wp\/v2\/types\/page"}],"author":[{"embeddable":true,"href":"https:\/\/novadentis.pl\/no\/wp-json\/wp\/v2\/users\/6"}],"replies":[{"embeddable":true,"href":"https:\/\/novadentis.pl\/no\/wp-json\/wp\/v2\/comments?post=821"}],"version-history":[{"count":4,"href":"https:\/\/novadentis.pl\/no\/wp-json\/wp\/v2\/pages\/821\/revisions"}],"predecessor-version":[{"id":989,"href":"https:\/\/novadentis.pl\/no\/wp-json\/wp\/v2\/pages\/821\/revisions\/989"}],"wp:attachment":[{"href":"https:\/\/novadentis.pl\/no\/wp-json\/wp\/v2\/media?parent=821"}],"curies":[{"name":"wp","href":"https:\/\/api.w.org\/{rel}","templated":true}]}}